{"id":358,"date":"2020-01-22T20:34:33","date_gmt":"2020-01-22T19:34:33","guid":{"rendered":"http:\/\/www.madridistasdonenrique.es\/?page_id=358"},"modified":"2023-08-02T16:53:29","modified_gmt":"2023-08-02T14:53:29","slug":"equipate","status":"publish","type":"page","link":"http:\/\/www.madridistasdonenrique.es\/?page_id=358","title":{"rendered":"EQU\u00cdPATE"},"content":{"rendered":"\n<figure class=\"wp-block-gallery aligncenter columns-2 is-cropped columns-4 wp-block-gallery-1 is-layout-flex wp-block-gallery-is-layout-flex\"><ul class=\"blocks-gallery-grid\"><li class=\"blocks-gallery-item\"><figure><img loading=\"lazy\" decoding=\"async\" width=\"1024\" height=\"1024\" src=\"http:\/\/www.madridistasdonenrique.es\/wp-content\/uploads\/2020\/01\/IMG_20200110_160041-1024x1024.jpg\" alt=\"\" data-id=\"359\" data-link=\"http:\/\/www.madridistasdonenrique.es\/?attachment_id=359\" class=\"wp-image-359\" srcset=\"http:\/\/www.madridistasdonenrique.es\/wp-content\/uploads\/2020\/01\/IMG_20200110_160041-1024x1024.jpg 1024w, http:\/\/www.madridistasdonenrique.es\/wp-content\/uploads\/2020\/01\/IMG_20200110_160041-300x300.jpg 300w, http:\/\/www.madridistasdonenrique.es\/wp-content\/uploads\/2020\/01\/IMG_20200110_160041-150x150.jpg 150w, http:\/\/www.madridistasdonenrique.es\/wp-content\/uploads\/2020\/01\/IMG_20200110_160041-768x768.jpg 768w, http:\/\/www.madridistasdonenrique.es\/wp-content\/uploads\/2020\/01\/IMG_20200110_160041-1536x1536.jpg 1536w, http:\/\/www.madridistasdonenrique.es\/wp-content\/uploads\/2020\/01\/IMG_20200110_160041-2048x2048.jpg 2048w, http:\/\/www.madridistasdonenrique.es\/wp-content\/uploads\/2020\/01\/IMG_20200110_160041-100x100.jpg 100w\" sizes=\"auto, (max-width: 1024px) 100vw, 1024px\" \/><figcaption class=\"blocks-gallery-item__caption\">Pulsera tela 30 cm<br><strong>2\u20ac<\/strong><\/figcaption><\/figure><\/li><li class=\"blocks-gallery-item\"><figure><img loading=\"lazy\" decoding=\"async\" width=\"1024\" height=\"1024\" src=\"http:\/\/www.madridistasdonenrique.es\/wp-content\/uploads\/2020\/01\/IMG_0570-1024x1024.jpg\" alt=\"\" data-id=\"374\" data-link=\"http:\/\/www.madridistasdonenrique.es\/?attachment_id=374\" class=\"wp-image-374\" srcset=\"http:\/\/www.madridistasdonenrique.es\/wp-content\/uploads\/2020\/01\/IMG_0570-1024x1024.jpg 1024w, http:\/\/www.madridistasdonenrique.es\/wp-content\/uploads\/2020\/01\/IMG_0570-300x300.jpg 300w, http:\/\/www.madridistasdonenrique.es\/wp-content\/uploads\/2020\/01\/IMG_0570-150x150.jpg 150w, http:\/\/www.madridistasdonenrique.es\/wp-content\/uploads\/2020\/01\/IMG_0570-768x768.jpg 768w, http:\/\/www.madridistasdonenrique.es\/wp-content\/uploads\/2020\/01\/IMG_0570-100x100.jpg 100w, http:\/\/www.madridistasdonenrique.es\/wp-content\/uploads\/2020\/01\/IMG_0570.jpg 1500w\" sizes=\"auto, (max-width: 1024px) 100vw, 1024px\" \/><figcaption class=\"blocks-gallery-item__caption\">Bufanda tejida<br><strong>12\u20ac<\/strong><\/figcaption><\/figure><\/li><li class=\"blocks-gallery-item\"><figure><img loading=\"lazy\" decoding=\"async\" width=\"1024\" height=\"1024\" src=\"http:\/\/www.madridistasdonenrique.es\/wp-content\/uploads\/2020\/06\/camiseta-1024x1024.jpg\" alt=\"\" data-id=\"395\" data-link=\"http:\/\/www.madridistasdonenrique.es\/?attachment_id=395\" class=\"wp-image-395\" srcset=\"http:\/\/www.madridistasdonenrique.es\/wp-content\/uploads\/2020\/06\/camiseta-1024x1024.jpg 1024w, http:\/\/www.madridistasdonenrique.es\/wp-content\/uploads\/2020\/06\/camiseta-300x300.jpg 300w, http:\/\/www.madridistasdonenrique.es\/wp-content\/uploads\/2020\/06\/camiseta-150x150.jpg 150w, http:\/\/www.madridistasdonenrique.es\/wp-content\/uploads\/2020\/06\/camiseta-768x768.jpg 768w, http:\/\/www.madridistasdonenrique.es\/wp-content\/uploads\/2020\/06\/camiseta-1536x1536.jpg 1536w, http:\/\/www.madridistasdonenrique.es\/wp-content\/uploads\/2020\/06\/camiseta-100x100.jpg 100w, http:\/\/www.madridistasdonenrique.es\/wp-content\/uploads\/2020\/06\/camiseta.jpg 2000w\" sizes=\"auto, (max-width: 1024px) 100vw, 1024px\" \/><figcaption class=\"blocks-gallery-item__caption\">Camiseta<br>\u00abEsto es Madrid\u00bb<br><strong>16\u20ac<\/strong><\/figcaption><\/figure><\/li><\/ul><\/figure>\n\n\n\n<div class=\"wp-block-group\"><div class=\"wp-block-group__inner-container is-layout-flow wp-block-group-is-layout-flow\">\n<p class=\"has-text-align-center\">Si est\u00e1s interesado en alguno de los art\u00edculos, ponte en contacto con nosotros a trav\u00e9s de <strong>madridistasdonenrique@gmail.com <\/strong><\/p>\n<\/div><\/div>\n\n\n\n<p><\/p>\n","protected":false},"excerpt":{"rendered":"<p>Si est\u00e1s interesado en alguno de los art\u00edculos, ponte en contacto con nosotros a trav\u00e9s de madridistasdonenrique@gmail.com<\/p>\n","protected":false},"author":1,"featured_media":0,"parent":0,"menu_order":0,"comment_status":"closed","ping_status":"closed","template":"","meta":{"_kad_post_transparent":"","_kad_post_title":"","_kad_post_layout":"","_kad_post_sidebar_id":"","_kad_post_content_style":"","_kad_post_vertical_padding":"","_kad_post_feature":"","_kad_post_feature_position":"","_kad_post_header":false,"_kad_post_footer":false,"footnotes":""},"class_list":["post-358","page","type-page","status-publish","hentry"],"_links":{"self":[{"href":"http:\/\/www.madridistasdonenrique.es\/index.php?rest_route=\/wp\/v2\/pages\/358","targetHints":{"allow":["GET"]}}],"collection":[{"href":"http:\/\/www.madridistasdonenrique.es\/index.php?rest_route=\/wp\/v2\/pages"}],"about":[{"href":"http:\/\/www.madridistasdonenrique.es\/index.php?rest_route=\/wp\/v2\/types\/page"}],"author":[{"embeddable":true,"href":"http:\/\/www.madridistasdonenrique.es\/index.php?rest_route=\/wp\/v2\/users\/1"}],"replies":[{"embeddable":true,"href":"http:\/\/www.madridistasdonenrique.es\/index.php?rest_route=%2Fwp%2Fv2%2Fcomments&post=358"}],"version-history":[{"count":22,"href":"http:\/\/www.madridistasdonenrique.es\/index.php?rest_route=\/wp\/v2\/pages\/358\/revisions"}],"predecessor-version":[{"id":1292,"href":"http:\/\/www.madridistasdonenrique.es\/index.php?rest_route=\/wp\/v2\/pages\/358\/revisions\/1292"}],"wp:attachment":[{"href":"http:\/\/www.madridistasdonenrique.es\/index.php?rest_route=%2Fwp%2Fv2%2Fmedia&parent=358"}],"curies":[{"name":"wp","href":"https:\/\/api.w.org\/{rel}","templated":true}]}}