{"id":39,"date":"2019-09-03T18:04:31","date_gmt":"2019-09-03T16:04:31","guid":{"rendered":"https:\/\/madridistasdonenrique.wordpress.com\/?page_id=39"},"modified":"2023-11-01T22:07:29","modified_gmt":"2023-11-01T21:07:29","slug":"resultados","status":"publish","type":"page","link":"https:\/\/www.madridistasdonenrique.es\/?page_id=39","title":{"rendered":"CONTACTA CON NOSOTROS"},"content":{"rendered":"\n<div style=\"font-family:calibri; font-size:large; background: #455376; color: white; text-align:center; width: 100%;\">\n<p><strong style=\"font-size:x-large;\">Mes\u00f3n Don Enrique<\/strong><br>\nCalle Para\u00edso 9,  47003, Valladolid<\/p>\n<p style=\"margin-top: -15px;\">madridistasdonenrique@gmail.com<br>\n(+34) 983 26 78 27<\/p>\n<\/div>\n\n\n\n<iframe loading=\"lazy\" src=\"https:\/\/www.google.com\/maps\/embed?pb=!1m14!1m8!1m3!1d11924.214143630887!2d-4.7204372!3d41.6545853!3m2!1i1024!2i768!4f13.1!3m3!1m2!1s0x0%3A0x7427991e567f17a3!2sPe%C3%B1a%20Madridista%20Don%20Enrique%20Valladolid!5e0!3m2!1ses!2ses!4v1594140257358!5m2!1ses!2ses\" width=\"100%\" height=\"450\" frameborder=\"0\" style=\"border:0;\" allowfullscreen=\"\" aria-hidden=\"false\" tabindex=\"0\"><\/iframe>\n\n\n\n<p class=\"has-text-align-center\"><br><strong>NUESTRA SEDE<\/strong><br><a href=\"http:\/\/www.mesondonenrique.com\/\" data-type=\"link\" data-id=\"http:\/\/www.mesondonenrique.com\/\" target=\"_blank\" rel=\"noreferrer noopener\">MES\u00d3N DON ENRIQUE<\/a><br><a href=\"https:\/\/www.madridistasdonenrique.es\/wp-content\/uploads\/2020\/08\/carta_meson.pdf\">Descarga la carta<\/a><\/p>\n\n\n\n\n","protected":false},"excerpt":{"rendered":"<p>Mes\u00f3n Don Enrique Calle Para\u00edso 9, 47003, Valladolid madridistasdonenrique@gmail.com (+34) 983 26 78 27 NUESTRA SEDEMES\u00d3N DON ENRIQUEDescarga la carta<\/p>\n","protected":false},"author":1,"featured_media":0,"parent":0,"menu_order":0,"comment_status":"closed","ping_status":"closed","template":"","meta":{"_kad_post_transparent":"","_kad_post_title":"","_kad_post_layout":"","_kad_post_sidebar_id":"","_kad_post_content_style":"","_kad_post_vertical_padding":"","_kad_post_feature":"","_kad_post_feature_position":"","_kad_post_header":false,"_kad_post_footer":false,"footnotes":""},"class_list":["post-39","page","type-page","status-publish","hentry"],"_links":{"self":[{"href":"https:\/\/www.madridistasdonenrique.es\/index.php?rest_route=\/wp\/v2\/pages\/39","targetHints":{"allow":["GET"]}}],"collection":[{"href":"https:\/\/www.madridistasdonenrique.es\/index.php?rest_route=\/wp\/v2\/pages"}],"about":[{"href":"https:\/\/www.madridistasdonenrique.es\/index.php?rest_route=\/wp\/v2\/types\/page"}],"author":[{"embeddable":true,"href":"https:\/\/www.madridistasdonenrique.es\/index.php?rest_route=\/wp\/v2\/users\/1"}],"replies":[{"embeddable":true,"href":"https:\/\/www.madridistasdonenrique.es\/index.php?rest_route=%2Fwp%2Fv2%2Fcomments&post=39"}],"version-history":[{"count":83,"href":"https:\/\/www.madridistasdonenrique.es\/index.php?rest_route=\/wp\/v2\/pages\/39\/revisions"}],"predecessor-version":[{"id":1311,"href":"https:\/\/www.madridistasdonenrique.es\/index.php?rest_route=\/wp\/v2\/pages\/39\/revisions\/1311"}],"wp:attachment":[{"href":"https:\/\/www.madridistasdonenrique.es\/index.php?rest_route=%2Fwp%2Fv2%2Fmedia&parent=39"}],"curies":[{"name":"wp","href":"https:\/\/api.w.org\/{rel}","templated":true}]}}